{"id":6700,"date":"2024-04-11T12:19:34","date_gmt":"2024-04-11T10:19:34","guid":{"rendered":"https:\/\/www.w-tech.it\/privacy-cookie-policy\/"},"modified":"2024-04-11T12:19:35","modified_gmt":"2024-04-11T10:19:35","slug":"privacy-cookie-policy","status":"publish","type":"page","link":"https:\/\/www.w-tech.it\/es\/privacy-cookie-policy\/","title":{"rendered":"Privacidad Pol\u00edtica de cookies"},"content":{"rendered":"[vc_row type=\u00bbin_container\u00bb full_screen_row_position=\u00bbmiddle\u00bb column_margin=\u00bbdefault\u00bb column_direction=\u00bbdefault\u00bb column_direction_tablet=\u00bbdefault\u00bb column_direction_phone=\u00bbdefault\u00bb scene_position=\u00bbcenter\u00bb text_color=\u00bbdark\u00bb text_align=\u00bbleft\u00bb row_border_radius=\u00bbnone\u00bb row_border_radius_applies=\u00bbbg\u00bb overflow=\u00bbvisible\u00bb overlay_strength=\u00bb0.3&#8243; gradient_direction=\u00bbleft_to_right\u00bb shape_divider_position=\u00bbbottom\u00bb bg_image_animation=\u00bbnone\u00bb][vc_column column_padding=\u00bbno-extra-padding\u00bb column_padding_tablet=\u00bbinherit\u00bb column_padding_phone=\u00bbinherit\u00bb column_padding_position=\u00bball\u00bb column_element_direction_desktop=\u00bbdefault\u00bb column_element_spacing=\u00bbdefault\u00bb desktop_text_alignment=\u00bbdefault\u00bb tablet_text_alignment=\u00bbdefault\u00bb phone_text_alignment=\u00bbdefault\u00bb background_color_opacity=\u00bb1&#8243; background_hover_color_opacity=\u00bb1&#8243; column_backdrop_filter=\u00bbnone\u00bb column_shadow=\u00bbnone\u00bb column_border_radius=\u00bbnone\u00bb column_link_target=\u00bb_self\u00bb column_position=\u00bbdefault\u00bb gradient_direction=\u00bbleft_to_right\u00bb overlay_strength=\u00bb0.3&#8243; width=\u00bb1\/1&#8243; tablet_width_inherit=\u00bbdefault\u00bb animation_type=\u00bbdefault\u00bb bg_image_animation=\u00bbnone\u00bb border_type=\u00bbsimple\u00bb column_border_width=\u00bbnone\u00bb column_border_style=\u00bbsolid\u00bb][vc_column_text]\n<h2 style=\"text-align: center;\">POL\u00cdTICA DE PRIVACIDAD<\/h2>\n<p>&nbsp;<\/p>\n<p><strong>Informaci\u00f3n corporativa<\/strong><br \/>\nNombre de la empresa: W-Tech Srl<br \/>\nDirecci\u00f3n legal: Via Cartiera 90\/A &#8211; 40037 Sasso Marconi (BO)<br \/>\nN\u00famero de IVA: IT03079111203<br \/>\nC\u00f3digo fiscal: 03079111203<br \/>\nOficina Reg. Empresas: BO<br \/>\nN\u00ba de inscr. Reg. Empresas: 03079111203<\/p>\n<p>Esta p\u00e1gina describe c\u00f3mo se gestiona el sitio en lo que respecta al tratamiento de los datos personales de los usuarios que lo consultan. Esta informaci\u00f3n se facilita a quienes interact\u00faan con los servicios web de la empresa <strong>W-TECH SRL<\/strong> accesibles desde las direcciones:<strong> www.w-tech.it<\/strong><\/p>\n<p>El tratamiento de los datos personales proporcionados y\/o deducidos al navegar por el Sitio se lleva a cabo con la finalidad de:<\/p>\n<ul>\n<li>permitir el acceso y la navegaci\u00f3n en el Sitio (ejecuci\u00f3n del servicio);<\/li>\n<li>procesar estad\u00edsticas an\u00f3nimas sobre el uso del Sitio (inter\u00e9s leg\u00edtimo);<\/li>\n<li>vigilar el correcto funcionamiento de la misma y para el establecimiento de posibles responsabilidades en caso de infracciones cometidas durante la navegaci\u00f3n (inter\u00e9s leg\u00edtimo).<\/li>\n<\/ul>\n<p>Los sistemas inform\u00e1ticos y los procedimientos de software utilizados para el funcionamiento del Sitio adquieren, en el curso de su funcionamiento normal, algunos datos personales cuya transmisi\u00f3n est\u00e1 impl\u00edcita en el uso de los protocolos de comunicaci\u00f3n de Internet; el mero acceso al Sitio implica, por tanto, la adquisici\u00f3n por parte de la Empresa de dichos datos.<\/p>\n<p>Con car\u00e1cter general, le informamos que el tratamiento de sus datos personales se realizar\u00e1 por medios electr\u00f3nicos y podr\u00e1 consistir, adem\u00e1s de en su recogida, en su registro, almacenamiento, modificaci\u00f3n, comunicaci\u00f3n, supresi\u00f3n. Todos los datos personales tratados por la empresa <strong>W-TECH SRL<\/strong> est\u00e1n protegidos por medidas de seguridad adecuadas, seg\u00fan lo dispuesto por la legislaci\u00f3n vigente y por el tiempo estrictamente necesario para cumplir con el prop\u00f3sito, que en el caso de los visitantes del sitio es de 1 a\u00f1o.<\/p>\n<p>Los datos personales recogidos de conformidad con lo anterior no se divulgar\u00e1n ni difundir\u00e1n a terceros, salvo a petici\u00f3n de las autoridades judiciales.<\/p>\n<p>Seg\u00fan lo dispuesto en el Art. 13 del RGPD (UE) 2016\/679, le recordamos que tiene derecho a solicitar a <strong>W-TECH SRL<\/strong> el acceso, rectificaci\u00f3n, supresi\u00f3n de sus datos personales (en su caso) o la limitaci\u00f3n de su tratamiento. Tambi\u00e9n tiene derecho a revocar la autorizaci\u00f3n para tratar los datos para los que ha dado su consentimiento, as\u00ed como a presentar una reclamaci\u00f3n ante la Autoridad de Protecci\u00f3n de Datos.<\/p>\n<p>Todos los derechos resumidos anteriormente pueden ejercerse escribiendo a: info@w-tech.it.<\/p>\n<p>Le responderemos sin demora.<\/p>\n<p>&nbsp;<\/p>\n<p>&nbsp;<\/p>\n<h2 style=\"text-align: center;\">POL\u00cdTICA DE TRATAMIENTO DE COOKIES<\/h2>\n<p><strong><br \/>\nW-TECH SRL<\/strong> se compromete a proteger su informaci\u00f3n personal y este documento est\u00e1 destinado a ayudarle a entender qu\u00e9 informaci\u00f3n podemos recopilar sobre usted y c\u00f3mo la utilizamos.<\/p>\n<p><strong>\u00bfQu\u00e9 son las cookies y c\u00f3mo las utilizamos?<\/strong><br \/>\nUna cookie es un simple archivo de texto que el servidor de un sitio web almacena en su ordenador o dispositivo m\u00f3vil y que s\u00f3lo ese servidor podr\u00e1 recuperar o leer su contenido. Contiene informaci\u00f3n an\u00f3nima y permite que el sitio web recuerde algunos datos.<\/p>\n<p>Existen diferentes tipos de cookies, que pueden definirse del siguiente modo:<\/p>\n<p><strong>COOKIES T\u00c9CNICAS<\/strong><\/p>\n<ul>\n<li><strong>Cookies de navegaci\u00f3n o de sesi\u00f3n<\/strong>: utilizadas con la \u00fanica finalidad de efectuar la transmisi\u00f3n de una comunicaci\u00f3n por una red de comunicaciones electr\u00f3nicas, o necesarias para la prestaci\u00f3n de un servicio expresamente solicitado por el usuario;<\/li>\n<li><strong>Anal\u00edtica<\/strong>: se utiliza para recopilar informaci\u00f3n de forma agregada sobre el n\u00famero de usuarios y c\u00f3mo visitan el sitio (si lo utiliza directamente el operador del sitio);<\/li>\n<li><strong>Cookies de funcionalidad<\/strong>: permiten al usuario navegar seg\u00fan una serie de criterios seleccionados (por ejemplo, el idioma) con el fin de mejorar el servicio.<\/li>\n<\/ul>\n<p><strong>COOKIES DE PERFILES<\/strong><\/p>\n<ul>\n<li>Destinadas a crear perfiles de usuario y utilizadas con el fin de enviar mensajes publicitarios acordes con las preferencias expresadas por el usuario durante su navegaci\u00f3n por la web.<\/li>\n<\/ul>\n<p><strong>\u00bfPor qu\u00e9 utilizamos cookies?<\/strong><br \/>\nSDS IMPRESA DELLA CONOSCENZA SRL utiliza cookies para permitir que sus sistemas reconozcan su dispositivo y ofrecerle determinadas funciones, entre las que se incluyen facilitar la navegaci\u00f3n dentro del Sitio y su correcto uso, facilitar el acceso a servicios que requieren autenticaci\u00f3n y saber qu\u00e9 \u00e1reas del Sitio se han visitado. Las cookies utilizadas en el Sitio son tanto persistentes (es decir, permanecen almacenadas, hasta que expiran, en el disco duro del ordenador personal del usuario\/visitante) como de sesi\u00f3n (es decir, no se almacenan de forma persistente en el ordenador del usuario\/visitante y desaparecen cuando se cierra el navegador).<\/p>\n<p>La Empresa tambi\u00e9n utiliza cookies para otros fines, entre ellos:<\/p>\n<ul>\n<li>Identif\u00edquelo al autenticarse en el Sitio. De este modo, la Empresa puede proporcionar recomendaciones de productos, mostrar contenidos personalizados, poner a disposici\u00f3n otras funciones y servicios personalizados;<\/li>\n<li>Lleve un registro de los art\u00edculos guardados en su cesta de la compra;<\/li>\n<\/ul>\n<p>Esta es la lista de cookies utilizadas en este sitio:<\/p>\n<ul>\n<li>ASPSESSIONID<br \/>\nFinalidad: Permite reconocer la sesi\u00f3n de navegaci\u00f3n del usuario.<br \/>\nTipo de cookie: Cookies t\u00e9cnicas<br \/>\nDuraci\u00f3n: Fin de la sesi\u00f3n<br \/>\nOrigen y titularidad de las cookies: www.w-tech.it<br \/>\nInformaci\u00f3n registrada: Identificador de sesi\u00f3n (el nombre de la cookie cambia en cada sesi\u00f3n)<br \/>\nCasos en los que se utiliza: Todo el sitio<br \/>\nAcceso a la informaci\u00f3n: W-TECH SRL<\/li>\n<li>STATUS_CLI_FOR<br \/>\nFinalidad: Permite crear perfiles de clientes durante la navegaci\u00f3n<br \/>\nTipo de cookie: Cookies t\u00e9cnicas<br \/>\nDuraci\u00f3n: 1 d\u00eda<br \/>\nOrigen y titularidad de las cookies: www.w-tech.it<br \/>\nInformaci\u00f3n registrada: Estado del cliente<br \/>\nCasos en los que se utiliza: Todo el sitio<br \/>\nAcceso a la informaci\u00f3n: W-TECH SRL<\/li>\n<li>Descripci\u00f3n<br \/>\nObjeto: Nombre de la empresa del cliente<br \/>\nTipo de cookie: Cookies t\u00e9cnicas<br \/>\nDuraci\u00f3n: 1 d\u00eda<br \/>\nOrigen y titularidad de las cookies: www.w-tech.it<br \/>\nInformaci\u00f3n registrada: Nombre de la empresa del cliente<br \/>\nCasos en los que se utiliza: Todo el sitio<br \/>\nAcceso a la informaci\u00f3n: W-TECH SRL<\/li>\n<li>Alcance<br \/>\nFinalidad: Datos de navegaci\u00f3n relativos al dominio Tipo de cookie Cookies funcionales Duraci\u00f3n: Fin de sesi\u00f3n Fuente y afiliaci\u00f3n de las cookies: www.w-tech.it Informaci\u00f3n registrada: Datos de navegaci\u00f3n relativos al dominio: Idioma, \u00c1mbito y Pa\u00eds Casos en los que se utiliza: Todo el sitio Acceso a la informaci\u00f3n: W-TECH SRL<\/li>\n<li>Consulte<br \/>\nObjeto: C\u00f3digo de cliente<br \/>\nTipo de cookie: Cookies t\u00e9cnicas<br \/>\nDuraci\u00f3n: 1 d\u00eda<br \/>\nOrigen y titularidad de las cookies: www.w-tech.it<br \/>\nInformaci\u00f3n registrada: C\u00f3digo de cliente<br \/>\nCasos en los que se utiliza: Todo el sitio<br \/>\nAcceso a la informaci\u00f3n: W-TECH SRL<\/li>\n<li>Cliente<br \/>\nFinalidad: Datos de los clientes<br \/>\nTipo de cookie: Cookies funcionales<br \/>\nDuraci\u00f3n: 1 d\u00eda<br \/>\nOrigen y titularidad de las cookies: www.w-tech.it<br \/>\nInformaci\u00f3n registrada: Pa\u00eds, Cadena de ventas, Bajo<br \/>\nCadena de ventas, definici\u00f3n de la funci\u00f3n PowerUser<\/li>\n<li>Antcli<br \/>\nObjeto: Canal de venta al cliente<br \/>\nTipo de cookie: Cookies t\u00e9cnicas<br \/>\nDuraci\u00f3n: 1 d\u00eda<br \/>\nOrigen y titularidad de las cookies: www.w-tech.it<br \/>\nInformaci\u00f3n registrada: Canal de venta al cliente<br \/>\nCasos en los que se utiliza: Todo el sitio<br \/>\nAcceso a la informaci\u00f3n: W-TECH SRL<\/li>\n<li>Piloto<br \/>\nObjeto: Estado de la navegaci\u00f3n en el sitio prototipo<br \/>\nTipo de cookie: Cookies t\u00e9cnicas<br \/>\nDuraci\u00f3n: Fin de la sesi\u00f3n<br \/>\nOrigen y titularidad de las cookies: www.w-tech.it<br \/>\nInformaci\u00f3n registrada: Indica si el cliente est\u00e1 habilitado para las nuevas funciones del sitio (tras comprobar el c\u00f3digo del cliente).<br \/>\nCasos en los que se utiliza: Todo el sitio<br \/>\nAcceso a la informaci\u00f3n: W-TECH SRL<\/li>\n<li>CodUser<br \/>\nFinalidad: Navegaci\u00f3n del usuario<br \/>\nTipo de cookie: Cookies t\u00e9cnicas<br \/>\nDuraci\u00f3n: 1 d\u00eda Fuente y afiliaci\u00f3n de las cookies: www.w-tech.it<br \/>\nInformaci\u00f3n registrada: Indica el contacto del cliente<br \/>\nCasos en los que se utiliza: Todo el sitio<br \/>\nAcceso a la informaci\u00f3n: W-TECH SRL<\/li>\n<li>idIdioma<br \/>\nFinalidad: Lenguaje de navegaci\u00f3n<br \/>\nTipo de cookie: Cookies t\u00e9cnicas<br \/>\nDuraci\u00f3n: Fin de la sesi\u00f3n<br \/>\nOrigen y titularidad de las cookies: www.w-tech.it<br \/>\nInformaci\u00f3n grabada: Idioma de navegaci\u00f3n<br \/>\nCasos en los que se utiliza: Todo el sitio<br \/>\nAcceso a la informaci\u00f3n: W-TECH SRL<\/li>\n<li>__utma, __utmb, __utmc, __utmx, __utmxx, __utmz, _ga<br \/>\nFinalidad: Analizar el uso que hacen los usuarios del sitio web con el fin de mejorar sus contenidos y servicios.Tipo de cookie: Cookies anal\u00edticas<br \/>\nDuraci\u00f3n: __utma 2 a\u00f1os, __utmb 1 hora, __utmc Fin de sesi\u00f3n, _utmz 6 meses, _ga 2 a\u00f1os<br \/>\nFuente y afiliaci\u00f3n de las cookies Google Analytics<br \/>\nInformaci\u00f3n registrada: Datos de navegaci\u00f3n como p\u00e1ginas visitadas, direcci\u00f3n IP, procedencia del usuario.Casos en los que se utiliza: Todo el sitio.<br \/>\nAcceso a la informaci\u00f3n: Para obtener informaci\u00f3n sobre las cookies de Google Analytics, consulte aqu\u00ed. Para obtener informaci\u00f3n sobre la gesti\u00f3n de la privacidad por parte de Google Inc. consulte aqu\u00ed.<\/li>\n<li>M\u00e1s<br \/>\nObjeto: Datos de navegaci\u00f3n relativos al dominio<br \/>\nTipo de cookie: Cookies t\u00e9cnicas Duraci\u00f3n: Fin de sesi\u00f3n<br \/>\nFuente y afiliaci\u00f3n de las cookies: www.w-tech.it Informaci\u00f3n registrada: Datos gen\u00e9ricos de navegaci\u00f3n<br \/>\nCasos en los que se utiliza: Todo el sitio<br \/>\nAcceso a la informaci\u00f3n: W-TECH SRL<\/li>\n<li>Xnet<br \/>\nFinalidad: autenticaci\u00f3n de cifrado de dominio<br \/>\nTipo de cookie: Cookies t\u00e9cnicas Duraci\u00f3n: 1 d\u00eda<br \/>\nOrigen y titularidad de las cookies: www.w-tech.it<br \/>\nInformaci\u00f3n registrada: Autenticaci\u00f3n encriptada del dominio<br \/>\nCasos en los que se utiliza: Todo el sitio<br \/>\nAcceso a la informaci\u00f3n: W-TECH SRL<\/li>\n<li>cookiesPrivacidad<br \/>\nFinalidad: recuerda si el usuario ya ha visto y aceptado las condiciones de privacidad de la cookie<br \/>\nTipo de cookie: Cookies funcionales<br \/>\nDuraci\u00f3n: 1 mes Fuente y afiliaci\u00f3n de las cookies: www.w-tech.it<br \/>\nInformaci\u00f3n registrada: Fecha de caducidad Casos en los que se utiliza: Todo el recinto<br \/>\nAcceso a la informaci\u00f3n: w-tech SRL<\/li>\n<\/ul>\n<p><strong>\u00bfC\u00f3mo controlar las Cookies?<\/strong><br \/>\nLa secci\u00f3n \u00abAyuda\u00bb de su navegador deber\u00eda poder ayudarle a gestionar la configuraci\u00f3n de las cookies. Si no desea recibir cookies, puede cambiar la configuraci\u00f3n de su navegador para que le avise cuando se env\u00eden. Tambi\u00e9n es posible eliminar las cookies ya almacenadas, en cualquier momento, a trav\u00e9s de la configuraci\u00f3n del navegador. Puede decidir si acepta o no las cookies instaladas por nuestro sitio en la p\u00e1gina de configuraci\u00f3n de cookies.<br \/>\n<strong><br \/>\n\u00bfTiene que aceptar las cookies para visitar el sitio?<\/strong><br \/>\nNo, no necesariamente. Puede desactivarlas simplemente desactivando la funci\u00f3n de cookies en su navegador. Sin embargo, es posible que algunas partes del sitio, as\u00ed como otras p\u00e1ginas web, no funcionen correctamente una vez desactivada esta funci\u00f3n. Por ejemplo, en el caso del acceso a la zona privada, el sitio web no podr\u00e1 continuar sin la autenticaci\u00f3n proporcionada por las cookies.<\/p>\n<p><strong>D\u00f3nde puede encontrar m\u00e1s informaci\u00f3n sobre las cookies:<\/strong><br \/>\n&#8211; Garante de la privacidad<br \/>\n&#8211; Organizaciones independientes.[\/vc_column_text][\/vc_column][\/vc_row]\n","protected":false},"excerpt":{"rendered":"<p>[vc_row type=\u00bbin_container\u00bb full_screen_row_position=\u00bbmiddle\u00bb column_margin=\u00bbdefault\u00bb column_direction=\u00bbdefault\u00bb column_direction_tablet=\u00bbdefault\u00bb column_direction_phone=\u00bbdefault\u00bb scene_position=\u00bbcenter\u00bb text_color=\u00bbdark\u00bb text_align=\u00bbleft\u00bb row_border_radius=\u00bbnone\u00bb row_border_radius_applies=\u00bbbg\u00bb overflow=\u00bbvisible\u00bb overlay_strength=\u00bb0.3&#8243; gradient_direction=\u00bbleft_to_right\u00bb shape_divider_position=\u00bbbottom\u00bb bg_image_animation=\u00bbnone\u00bb][vc_column column_padding=\u00bbno-extra-padding\u00bb column_padding_tablet=\u00bbinherit\u00bb column_padding_phone=\u00bbinherit\u00bb column_padding_position=\u00bball\u00bb column_element_direction_desktop=\u00bbdefault\u00bb column_element_spacing=\u00bbdefault\u00bb desktop_text_alignment=\u00bbdefault\u00bb tablet_text_alignment=\u00bbdefault\u00bb phone_text_alignment=\u00bbdefault\u00bb background_color_opacity=\u00bb1&#8243; background_hover_color_opacity=\u00bb1&#8243; column_backdrop_filter=\u00bbnone\u00bb column_shadow=\u00bbnone\u00bb&#8230;<\/p>\n","protected":false},"author":1,"featured_media":0,"parent":0,"menu_order":0,"comment_status":"closed","ping_status":"closed","template":"","meta":{"footnotes":""},"class_list":["post-6700","page","type-page","status-publish"],"aioseo_notices":[],"jetpack_sharing_enabled":true,"_links":{"self":[{"href":"https:\/\/www.w-tech.it\/es\/wp-json\/wp\/v2\/pages\/6700","targetHints":{"allow":["GET"]}}],"collection":[{"href":"https:\/\/www.w-tech.it\/es\/wp-json\/wp\/v2\/pages"}],"about":[{"href":"https:\/\/www.w-tech.it\/es\/wp-json\/wp\/v2\/types\/page"}],"author":[{"embeddable":true,"href":"https:\/\/www.w-tech.it\/es\/wp-json\/wp\/v2\/users\/1"}],"replies":[{"embeddable":true,"href":"https:\/\/www.w-tech.it\/es\/wp-json\/wp\/v2\/comments?post=6700"}],"version-history":[{"count":2,"href":"https:\/\/www.w-tech.it\/es\/wp-json\/wp\/v2\/pages\/6700\/revisions"}],"predecessor-version":[{"id":6702,"href":"https:\/\/www.w-tech.it\/es\/wp-json\/wp\/v2\/pages\/6700\/revisions\/6702"}],"wp:attachment":[{"href":"https:\/\/www.w-tech.it\/es\/wp-json\/wp\/v2\/media?parent=6700"}],"curies":[{"name":"wp","href":"https:\/\/api.w.org\/{rel}","templated":true}]}}